{"id":41,"date":"2014-01-01T01:00:26","date_gmt":"2014-01-01T00:00:26","guid":{"rendered":"http:\/\/wsc.pk.edu.pl\/?page_id=41"},"modified":"2026-04-30T14:42:53","modified_gmt":"2026-04-30T12:42:53","slug":"partnerzy","status":"publish","type":"page","link":"https:\/\/wsc.pk.edu.pl\/?page_id=41","title":{"rendered":"Partnerzy"},"content":{"rendered":"\n<p>Inicjatorem i organizatorem Konkursu jest <a href=\"http:\/\/www.kksm.pk.edu.pl\/\">Katedra Kszta\u0142towania \u015arodowiska Mieszkaniowego<\/a>\u00a0Wydzia\u0142u Architektury Politechniki Krakowskiej wraz mark\u0105 <a href=\"https:\/\/comforty.pl\/salon-warszawa-srodmiescie\/\">Comforty <\/a>firm\u0105 <a href=\"https:\/\/www.fagerhult.com\/pl\/\">Fagerhult<\/a>\u00a0 i fundacj\u0105 AP Kunstart.<\/p>\n\n\n\n<figure class=\"wp-block-image size-full\"><a href=\"https:\/\/wsc.pk.edu.pl\/wp-content\/uploads\/2026\/04\/comforty-logo.png\"><img loading=\"lazy\" decoding=\"async\" width=\"204\" height=\"85\" src=\"https:\/\/wsc.pk.edu.pl\/wp-content\/uploads\/2026\/04\/comforty-logo.png\" alt=\"\" class=\"wp-image-422\"\/><\/a><\/figure>\n\n\n\n<p class=\"has-text-align-center\"><\/p>\n\n\n\n<figure class=\"wp-block-image is-resized\"><img loading=\"lazy\" decoding=\"async\" width=\"515\" height=\"62\" src=\"http:\/\/wsc.pk.edu.pl\/wp-content\/uploads\/2013\/04\/fagerhult_blue.png\" alt=\"fagerhult_blue\" class=\"wp-image-189\" style=\"width:255px;height:auto\" srcset=\"https:\/\/wsc.pk.edu.pl\/wp-content\/uploads\/2013\/04\/fagerhult_blue.png 515w, https:\/\/wsc.pk.edu.pl\/wp-content\/uploads\/2013\/04\/fagerhult_blue-300x36.png 300w\" sizes=\"auto, (max-width: 515px) 100vw, 515px\" \/><\/figure>\n\n\n\n<p class=\"has-text-align-center\"><\/p>\n\n\n\n<figure class=\"wp-block-image\"><a href=\"http:\/\/wsc.pk.edu.pl\/wp-content\/uploads\/2013\/04\/Untitled-2.png\"><img loading=\"lazy\" decoding=\"async\" width=\"215\" height=\"80\" src=\"http:\/\/wsc.pk.edu.pl\/wp-content\/uploads\/2013\/04\/Untitled-2.png\" alt=\"Untitled-2\" class=\"wp-image-238\"\/><\/a><\/figure>\n\n\n\n<p class=\"has-text-align-center\"><\/p>\n\n\n\n<p class=\"has-text-align-center\"><\/p>\n","protected":false},"excerpt":{"rendered":"<p>Inicjatorem i organizatorem Konkursu jest Katedra Kszta\u0142towania \u015arodowiska Mieszkaniowego\u00a0Wydzia\u0142u Architektury Politechniki Krakowskiej wraz mark\u0105 Comforty firm\u0105 Fagerhult\u00a0 i fundacj\u0105 AP Kunstart.<\/p>\n","protected":false},"author":2,"featured_media":0,"parent":0,"menu_order":0,"comment_status":"closed","ping_status":"closed","template":"","meta":{"footnotes":""},"class_list":["post-41","page","type-page","status-publish","hentry"],"_links":{"self":[{"href":"https:\/\/wsc.pk.edu.pl\/index.php?rest_route=\/wp\/v2\/pages\/41","targetHints":{"allow":["GET"]}}],"collection":[{"href":"https:\/\/wsc.pk.edu.pl\/index.php?rest_route=\/wp\/v2\/pages"}],"about":[{"href":"https:\/\/wsc.pk.edu.pl\/index.php?rest_route=\/wp\/v2\/types\/page"}],"author":[{"embeddable":true,"href":"https:\/\/wsc.pk.edu.pl\/index.php?rest_route=\/wp\/v2\/users\/2"}],"replies":[{"embeddable":true,"href":"https:\/\/wsc.pk.edu.pl\/index.php?rest_route=%2Fwp%2Fv2%2Fcomments&post=41"}],"version-history":[{"count":42,"href":"https:\/\/wsc.pk.edu.pl\/index.php?rest_route=\/wp\/v2\/pages\/41\/revisions"}],"predecessor-version":[{"id":432,"href":"https:\/\/wsc.pk.edu.pl\/index.php?rest_route=\/wp\/v2\/pages\/41\/revisions\/432"}],"wp:attachment":[{"href":"https:\/\/wsc.pk.edu.pl\/index.php?rest_route=%2Fwp%2Fv2%2Fmedia&parent=41"}],"curies":[{"name":"wp","href":"https:\/\/api.w.org\/{rel}","templated":true}]}}