{"id":2,"date":"2013-04-30T08:56:08","date_gmt":"2013-04-30T08:56:08","guid":{"rendered":"http:\/\/wsc.pk.edu.pl\/?page_id=2"},"modified":"2013-11-18T22:01:09","modified_gmt":"2013-11-18T21:01:09","slug":"przykladowa-strona","status":"publish","type":"page","link":"https:\/\/wsc.pk.edu.pl\/?page_id=2","title":{"rendered":"Idea konkursu"},"content":{"rendered":"<p>Kszta\u0142towanie przestrzeni wn\u0119trza \u2013 architektonicznej duszy budowli &#8211; stanowi temat og\u00f3lnopolskiego studenckiego konkursu pod has\u0142em \u201e<i>Wn\u0119trze \u015awiat\u0142o Cie\u0144<\/i>\u201d. Jest on realizowany rokrocznie przez Katedr\u0119 Kszta\u0142towania \u015arodowiska Mieszkaniowego pod patronatem Prorektora ds. Studenckich Politechniki Krakowskiej i Dziekana Wydzia\u0142u Architektury Politechniki Krakowskiej oraz honorowym patronatem SARP Oddzia\u0142 Krak\u00f3w. Uczestnicy, wykorzystuj\u0105c o\u015bwietlenie, jako tworzywo, r\u00f3wnie konkretne jak materia\u0142 \u015bcian, strop\u00f3w czy posadzek zmagaj\u0105 si\u0119 z\u00a0problemem definiowania charakteru przestrzeni wewn\u0105trz budynku. Dope\u0142nieniem autorskich idei s\u0105 elementy wyposa\u017cenia ruchomego \u2013 identyfikowalne poprzez produkcj\u0119 fabryczn\u0105 ikony designu \u2013 wykreowane przez uznanych projektant\u00f3w, w tym tak\u017ce architekt\u00f3w z ca\u0142ego \u015bwiata.<\/p>\n<p>Istotnym d\u0105\u017ceniem organizator\u00f3w konkursu jest promowanie zwi\u0105zk\u00f3w teorii z praktyk\u0105. Dlatego te\u017c stosowane w projektach produkty wybierane s\u0105 spo\u015br\u00f3d produkt\u00f3w katalogowych, dost\u0119pnych na rynku. Jednak\u017ce przyk\u0142ady wsp\u00f3\u0142czesnego wzornictwa postrzegane winny by\u0107 nie tylko jako elementy niezb\u0119dne funkcjonalnie, ale r\u00f3wnie\u017c jako przedmioty u\u017cytkowe &#8211; uzupe\u0142niaj\u0105ce, intryguj\u0105ce, inspiruj\u0105ce &#8211; wzbogacaj\u0105ce wystr\u00f3j wn\u0119trza.<\/p>\n<p>Tematem zada\u0144 projektowych jest aran\u017cacja wn\u0119trza mieszkalnego, biurowego lub strefy wej\u015bciowej do budynku us\u0142ugowego w powi\u0105zaniu z kontekstem zewn\u0119trznym \u2013 przestrzeni\u0105 publiczn\u0105, wej\u015bciow\u0105, ogrodem. Cel przedstawiony zosta\u0142 jako nadanie przestrzeni wn\u0119trza unikalnego wyrazu, przy zachowaniu wysokiej jako\u015bci walor\u00f3w u\u017cytkowych. Wyr\u00f3\u017cniono prace, w kt\u00f3rych elementy definiuj\u0105ce kszta\u0142t przestrzenny, meble oraz o\u015bwietlenie tworzy\u0142y sp\u00f3jn\u0105, kompleksow\u0105 ca\u0142o\u015b\u0107 poprzez podporz\u0105dkowanie ich nadrz\u0119dnej idei czytelnej w\u00a0formie, materiale i\u00a0kolorystyce. Podkre\u015blano r\u00f3wnie\u017c jej jednorodno\u015b\u0107 w kompozycyjnym powi\u0105zaniu strefy zewn\u0119trznej budynku z wn\u0119trzem, w modelowaniu element\u00f3w ma\u0142ej architektury, wody i zieleni.<\/p>\n","protected":false},"excerpt":{"rendered":"<p>Kszta\u0142towanie przestrzeni wn\u0119trza \u2013 architektonicznej duszy budowli &#8211; stanowi temat og\u00f3lnopolskiego studenckiego konkursu pod has\u0142em \u201eWn\u0119trze \u015awiat\u0142o Cie\u0144\u201d. Jest on realizowany rokrocznie przez Katedr\u0119 Kszta\u0142towania \u015arodowiska Mieszkaniowego pod patronatem Prorektora &hellip;<\/p>\n","protected":false},"author":1,"featured_media":0,"parent":0,"menu_order":0,"comment_status":"open","ping_status":"open","template":"","meta":{"footnotes":""},"class_list":["post-2","page","type-page","status-publish","hentry"],"_links":{"self":[{"href":"https:\/\/wsc.pk.edu.pl\/index.php?rest_route=\/wp\/v2\/pages\/2","targetHints":{"allow":["GET"]}}],"collection":[{"href":"https:\/\/wsc.pk.edu.pl\/index.php?rest_route=\/wp\/v2\/pages"}],"about":[{"href":"https:\/\/wsc.pk.edu.pl\/index.php?rest_route=\/wp\/v2\/types\/page"}],"author":[{"embeddable":true,"href":"https:\/\/wsc.pk.edu.pl\/index.php?rest_route=\/wp\/v2\/users\/1"}],"replies":[{"embeddable":true,"href":"https:\/\/wsc.pk.edu.pl\/index.php?rest_route=%2Fwp%2Fv2%2Fcomments&post=2"}],"version-history":[{"count":4,"href":"https:\/\/wsc.pk.edu.pl\/index.php?rest_route=\/wp\/v2\/pages\/2\/revisions"}],"predecessor-version":[{"id":15,"href":"https:\/\/wsc.pk.edu.pl\/index.php?rest_route=\/wp\/v2\/pages\/2\/revisions\/15"}],"wp:attachment":[{"href":"https:\/\/wsc.pk.edu.pl\/index.php?rest_route=%2Fwp%2Fv2%2Fmedia&parent=2"}],"curies":[{"name":"wp","href":"https:\/\/api.w.org\/{rel}","templated":true}]}}